{"id":957,"date":"2023-05-19T19:04:55","date_gmt":"2023-05-19T19:04:55","guid":{"rendered":"https:\/\/hotelstanford.cl\/es\/?page_id=957"},"modified":"2023-05-19T19:05:20","modified_gmt":"2023-05-19T19:05:20","slug":"stanford-blog","status":"publish","type":"page","link":"https:\/\/hotelstanford.cl\/es\/?page_id=957","title":{"rendered":"Stanford Blog"},"content":{"rendered":"\t\t<div data-elementor-type=\"wp-page\" data-elementor-id=\"957\" class=\"elementor elementor-957\">\n\t\t\t\t\t\t<section class=\"elementor-section elementor-top-section elementor-element elementor-element-6ba6832 elementor-section-boxed elementor-section-height-default elementor-section-height-default\" data-id=\"6ba6832\" data-element_type=\"section\">\n\t\t\t\t\t\t<div class=\"elementor-container elementor-column-gap-default\">\n\t\t\t\t\t<div class=\"elementor-column elementor-col-100 elementor-top-column elementor-element elementor-element-af693c0\" data-id=\"af693c0\" data-element_type=\"column\">\n\t\t\t<div class=\"elementor-widget-wrap elementor-element-populated\">\n\t\t\t\t\t\t<div class=\"elementor-element elementor-element-0cad2ff elementor-widget elementor-widget-text-editor\" data-id=\"0cad2ff\" data-element_type=\"widget\" data-widget_type=\"text-editor.default\">\n\t\t\t\t<div class=\"elementor-widget-container\">\n\t\t\t<style>\/*! elementor - v3.21.0 - 18-04-2024 *\/\n.elementor-widget-text-editor.elementor-drop-cap-view-stacked .elementor-drop-cap{background-color:#69727d;color:#fff}.elementor-widget-text-editor.elementor-drop-cap-view-framed .elementor-drop-cap{color:#69727d;border:3px solid;background-color:transparent}.elementor-widget-text-editor:not(.elementor-drop-cap-view-default) .elementor-drop-cap{margin-top:8px}.elementor-widget-text-editor:not(.elementor-drop-cap-view-default) .elementor-drop-cap-letter{width:1em;height:1em}.elementor-widget-text-editor .elementor-drop-cap{float:left;text-align:center;line-height:1;font-size:50px}.elementor-widget-text-editor .elementor-drop-cap-letter{display:inline-block}<\/style>\t\t\t\t<style>.wp-show-posts-columns#wpsp-953 {margin-left: -2em; }.wp-show-posts-columns#wpsp-953 .wp-show-posts-inner {margin: 0 0 2em 2em; }<\/style><section id=\"wpsp-953\" class=\" wp-show-posts-columns wp-show-posts\" style=\"\"><article class=\" wp-show-posts-single post-941 post type-post status-publish format-standard has-post-thumbnail hentry category-comida-coreana wpsp-col-6\" itemtype=\"http:\/\/schema.org\/CreativeWork\" itemscope><div class=\"wp-show-posts-inner\" style=\"\">\t\t\t\t\t\t<header class=\"wp-show-posts-entry-header\">\n\t\t\t\t\t\t\t<h2 class=\"wp-show-posts-entry-title\" itemprop=\"headline\"><a href=\"https:\/\/hotelstanford.cl\/es\/?p=941\" rel=\"bookmark\">Sabores de Corea: Una inmersi\u00f3n en la Comida Coreana<\/a><\/h2><div class=\"wp-show-posts-entry-meta wp-show-posts-entry-meta-below-title post-meta-inline\"><span class=\"wp-show-posts-posted-on wp-show-posts-meta\">\n\t\t\t\t\t<a href=\"https:\/\/hotelstanford.cl\/es\/?p=941\" title=\"6:44 pm\" rel=\"bookmark\"><time class=\"wp-show-posts-entry-date published\" datetime=\"2023-05-19T18:44:52-04:00\" itemprop=\"datePublished\">mayo 19, 2023<\/time><time class=\"wp-show-posts-updated\" datetime=\"2023-05-19T18:45:47-04:00\" itemprop=\"dateModified\">mayo 19, 2023<\/time><\/a>\n\t\t\t\t<\/span><\/div>\t\t\t\t\t\t<\/header><!-- .entry-header -->\n\t\t\t\t\t\t\t<div class=\"wp-show-posts-image  wpsp-image-center \">\n\t\t\t<a href=\"https:\/\/hotelstanford.cl\/es\/?p=941\"  title=\"Sabores de Corea: Una inmersi\u00f3n en la Comida Coreana\"><img fetchpriority=\"high\" decoding=\"async\" width=\"2208\" height=\"1474\" src=\"https:\/\/hotelstanford.cl\/es\/wp-content\/uploads\/2023\/05\/BW_DSC6889.jpg\" class=\"attachment-full size-full wp-post-image\" alt=\"\" itemprop=\"image\" srcset=\"https:\/\/hotelstanford.cl\/es\/wp-content\/uploads\/2023\/05\/BW_DSC6889.jpg 2208w, https:\/\/hotelstanford.cl\/es\/wp-content\/uploads\/2023\/05\/BW_DSC6889-300x200.jpg 300w, https:\/\/hotelstanford.cl\/es\/wp-content\/uploads\/2023\/05\/BW_DSC6889-1024x684.jpg 1024w, https:\/\/hotelstanford.cl\/es\/wp-content\/uploads\/2023\/05\/BW_DSC6889-768x513.jpg 768w, https:\/\/hotelstanford.cl\/es\/wp-content\/uploads\/2023\/05\/BW_DSC6889-1536x1025.jpg 1536w, https:\/\/hotelstanford.cl\/es\/wp-content\/uploads\/2023\/05\/BW_DSC6889-2048x1367.jpg 2048w, https:\/\/hotelstanford.cl\/es\/wp-content\/uploads\/2023\/05\/BW_DSC6889-1000x668.jpg 1000w, https:\/\/hotelstanford.cl\/es\/wp-content\/uploads\/2023\/05\/BW_DSC6889-230x154.jpg 230w, https:\/\/hotelstanford.cl\/es\/wp-content\/uploads\/2023\/05\/BW_DSC6889-350x234.jpg 350w, https:\/\/hotelstanford.cl\/es\/wp-content\/uploads\/2023\/05\/BW_DSC6889-480x320.jpg 480w, https:\/\/hotelstanford.cl\/es\/wp-content\/uploads\/2023\/05\/BW_DSC6889-24x16.jpg 24w, https:\/\/hotelstanford.cl\/es\/wp-content\/uploads\/2023\/05\/BW_DSC6889-36x24.jpg 36w, https:\/\/hotelstanford.cl\/es\/wp-content\/uploads\/2023\/05\/BW_DSC6889-48x32.jpg 48w\" sizes=\"(max-width: 2208px) 100vw, 2208px\" \/><\/a>\t\t<\/div>\n\t\t\t\t\t\t\t\t<div class=\"wp-show-posts-entry-summary\" itemprop=\"text\">\n\t\t\t\t\t\t\t<p>Introducci\u00f3n El patrimonio culinario de Corea es vasto y diverso, ofreciendo una gran variedad de platos que han evolucionado durante siglos. La comida coreana se ha ganado un lugar en&#8230;<\/p>\n\t\t\t\t\t\t<\/div><!-- .entry-summary -->\n\t\t\t\t\t<\/div><!-- wp-show-posts-inner --><\/article><article class=\" wp-show-posts-single post-947 post type-post status-publish format-standard has-post-thumbnail hentry category-chile category-santiago category-viajes wpsp-col-6\" itemtype=\"http:\/\/schema.org\/CreativeWork\" itemscope><div class=\"wp-show-posts-inner\" style=\"\">\t\t\t\t\t\t<header class=\"wp-show-posts-entry-header\">\n\t\t\t\t\t\t\t<h2 class=\"wp-show-posts-entry-title\" itemprop=\"headline\"><a href=\"https:\/\/hotelstanford.cl\/es\/?p=947\" rel=\"bookmark\">10 Lugares Para Visitar en Santiago<\/a><\/h2><div class=\"wp-show-posts-entry-meta wp-show-posts-entry-meta-below-title post-meta-inline\"><span class=\"wp-show-posts-posted-on wp-show-posts-meta\">\n\t\t\t\t\t<a href=\"https:\/\/hotelstanford.cl\/es\/?p=947\" title=\"6:46 pm\" rel=\"bookmark\"><time class=\"wp-show-posts-entry-date published\" datetime=\"2023-05-19T18:46:17-04:00\" itemprop=\"datePublished\">mayo 19, 2023<\/time><time class=\"wp-show-posts-updated\" datetime=\"2023-05-19T19:00:03-04:00\" itemprop=\"dateModified\">mayo 19, 2023<\/time><\/a>\n\t\t\t\t<\/span><\/div>\t\t\t\t\t\t<\/header><!-- .entry-header -->\n\t\t\t\t\t\t\t<div class=\"wp-show-posts-image  wpsp-image-center \">\n\t\t\t<a href=\"https:\/\/hotelstanford.cl\/es\/?p=947\"  title=\"10 Lugares Para Visitar en Santiago\"><img decoding=\"async\" width=\"1080\" height=\"608\" src=\"https:\/\/hotelstanford.cl\/es\/wp-content\/uploads\/2023\/05\/Santiago.jpg\" class=\"attachment-full size-full wp-post-image\" alt=\"\" itemprop=\"image\" srcset=\"https:\/\/hotelstanford.cl\/es\/wp-content\/uploads\/2023\/05\/Santiago.jpg 1080w, https:\/\/hotelstanford.cl\/es\/wp-content\/uploads\/2023\/05\/Santiago-300x169.jpg 300w, https:\/\/hotelstanford.cl\/es\/wp-content\/uploads\/2023\/05\/Santiago-1024x576.jpg 1024w, https:\/\/hotelstanford.cl\/es\/wp-content\/uploads\/2023\/05\/Santiago-768x432.jpg 768w, https:\/\/hotelstanford.cl\/es\/wp-content\/uploads\/2023\/05\/Santiago-1000x563.jpg 1000w, https:\/\/hotelstanford.cl\/es\/wp-content\/uploads\/2023\/05\/Santiago-230x129.jpg 230w, https:\/\/hotelstanford.cl\/es\/wp-content\/uploads\/2023\/05\/Santiago-350x197.jpg 350w, https:\/\/hotelstanford.cl\/es\/wp-content\/uploads\/2023\/05\/Santiago-480x270.jpg 480w, https:\/\/hotelstanford.cl\/es\/wp-content\/uploads\/2023\/05\/Santiago-24x14.jpg 24w, https:\/\/hotelstanford.cl\/es\/wp-content\/uploads\/2023\/05\/Santiago-36x20.jpg 36w, https:\/\/hotelstanford.cl\/es\/wp-content\/uploads\/2023\/05\/Santiago-48x27.jpg 48w\" sizes=\"(max-width: 1080px) 100vw, 1080px\" \/><\/a>\t\t<\/div>\n\t\t\t\t\t\t\t\t<div class=\"wp-show-posts-entry-summary\" itemprop=\"text\">\n\t\t\t\t\t\t\t<p>Santiago, la capital de Chile, es una ciudad vibrante y din\u00e1mica que ofrece una gran cantidad de atracciones tur\u00edsticas y culturales. Aqu\u00ed te presentamos 10 lugares imperdibles para visitar en&#8230;<\/p>\n\t\t\t\t\t\t<\/div><!-- .entry-summary -->\n\t\t\t\t\t<\/div><!-- wp-show-posts-inner --><\/article><article class=\" wp-show-posts-single post-935 post type-post status-publish format-standard has-post-thumbnail hentry category-chile category-santiago category-viajes wpsp-col-6\" itemtype=\"http:\/\/schema.org\/CreativeWork\" itemscope><div class=\"wp-show-posts-inner\" style=\"\">\t\t\t\t\t\t<header class=\"wp-show-posts-entry-header\">\n\t\t\t\t\t\t\t<h2 class=\"wp-show-posts-entry-title\" itemprop=\"headline\"><a href=\"https:\/\/hotelstanford.cl\/es\/?p=935\" rel=\"bookmark\">Uso del Transporte P\u00fablico en Santiago<\/a><\/h2><div class=\"wp-show-posts-entry-meta wp-show-posts-entry-meta-below-title post-meta-inline\"><span class=\"wp-show-posts-posted-on wp-show-posts-meta\">\n\t\t\t\t\t<a href=\"https:\/\/hotelstanford.cl\/es\/?p=935\" title=\"6:43 pm\" rel=\"bookmark\"><time class=\"wp-show-posts-entry-date published\" datetime=\"2023-05-19T18:43:07-04:00\" itemprop=\"datePublished\">mayo 19, 2023<\/time><time class=\"wp-show-posts-updated\" datetime=\"2023-05-19T18:43:31-04:00\" itemprop=\"dateModified\">mayo 19, 2023<\/time><\/a>\n\t\t\t\t<\/span><\/div>\t\t\t\t\t\t<\/header><!-- .entry-header -->\n\t\t\t\t\t\t\t<div class=\"wp-show-posts-image  wpsp-image-center \">\n\t\t\t<a href=\"https:\/\/hotelstanford.cl\/es\/?p=935\"  title=\"Uso del Transporte P\u00fablico en Santiago\"><img decoding=\"async\" width=\"925\" height=\"470\" src=\"https:\/\/hotelstanford.cl\/es\/wp-content\/uploads\/2023\/05\/BUS-e1597516968495-925x470-1.jpg\" class=\"attachment-full size-full wp-post-image\" alt=\"\" itemprop=\"image\" srcset=\"https:\/\/hotelstanford.cl\/es\/wp-content\/uploads\/2023\/05\/BUS-e1597516968495-925x470-1.jpg 925w, https:\/\/hotelstanford.cl\/es\/wp-content\/uploads\/2023\/05\/BUS-e1597516968495-925x470-1-300x152.jpg 300w, https:\/\/hotelstanford.cl\/es\/wp-content\/uploads\/2023\/05\/BUS-e1597516968495-925x470-1-768x390.jpg 768w, https:\/\/hotelstanford.cl\/es\/wp-content\/uploads\/2023\/05\/BUS-e1597516968495-925x470-1-230x117.jpg 230w, https:\/\/hotelstanford.cl\/es\/wp-content\/uploads\/2023\/05\/BUS-e1597516968495-925x470-1-350x178.jpg 350w, https:\/\/hotelstanford.cl\/es\/wp-content\/uploads\/2023\/05\/BUS-e1597516968495-925x470-1-480x244.jpg 480w, https:\/\/hotelstanford.cl\/es\/wp-content\/uploads\/2023\/05\/BUS-e1597516968495-925x470-1-24x12.jpg 24w, https:\/\/hotelstanford.cl\/es\/wp-content\/uploads\/2023\/05\/BUS-e1597516968495-925x470-1-36x18.jpg 36w, https:\/\/hotelstanford.cl\/es\/wp-content\/uploads\/2023\/05\/BUS-e1597516968495-925x470-1-48x24.jpg 48w\" sizes=\"(max-width: 925px) 100vw, 925px\" \/><\/a>\t\t<\/div>\n\t\t\t\t\t\t\t\t<div class=\"wp-show-posts-entry-summary\" itemprop=\"text\">\n\t\t\t\t\t\t\t<p>Introducci\u00f3n: Santiago, la capital de Chile, es una gran ciudad con una amplia red de transporte p\u00fablico que permite a sus habitantes y visitantes desplazarse f\u00e1cilmente. El sistema de transporte&#8230;<\/p>\n\t\t\t\t\t\t<\/div><!-- .entry-summary -->\n\t\t\t\t\t<\/div><!-- wp-show-posts-inner --><\/article><article class=\" wp-show-posts-single post-922 post type-post status-publish format-standard has-post-thumbnail hentry category-chile category-santiago category-viajes wpsp-col-6\" itemtype=\"http:\/\/schema.org\/CreativeWork\" itemscope><div class=\"wp-show-posts-inner\" style=\"\">\t\t\t\t\t\t<header class=\"wp-show-posts-entry-header\">\n\t\t\t\t\t\t\t<h2 class=\"wp-show-posts-entry-title\" itemprop=\"headline\"><a href=\"https:\/\/hotelstanford.cl\/es\/?p=922\" rel=\"bookmark\">Medidas de Seguridad Personal en Santiago<\/a><\/h2><div class=\"wp-show-posts-entry-meta wp-show-posts-entry-meta-below-title post-meta-inline\"><span class=\"wp-show-posts-posted-on wp-show-posts-meta\">\n\t\t\t\t\t<a href=\"https:\/\/hotelstanford.cl\/es\/?p=922\" title=\"6:41 pm\" rel=\"bookmark\"><time class=\"wp-show-posts-entry-date published\" datetime=\"2023-05-19T18:41:07-04:00\" itemprop=\"datePublished\">mayo 19, 2023<\/time><time class=\"wp-show-posts-updated\" datetime=\"2023-05-19T18:41:37-04:00\" itemprop=\"dateModified\">mayo 19, 2023<\/time><\/a>\n\t\t\t\t<\/span><\/div>\t\t\t\t\t\t<\/header><!-- .entry-header -->\n\t\t\t\t\t\t\t<div class=\"wp-show-posts-image  wpsp-image-center \">\n\t\t\t<a href=\"https:\/\/hotelstanford.cl\/es\/?p=922\"  title=\"Medidas de Seguridad Personal en Santiago\"><img loading=\"lazy\" decoding=\"async\" width=\"727\" height=\"417\" src=\"https:\/\/hotelstanford.cl\/es\/wp-content\/uploads\/2023\/05\/Seguridad-Santiago.jpg\" class=\"attachment-full size-full wp-post-image\" alt=\"\" itemprop=\"image\" srcset=\"https:\/\/hotelstanford.cl\/es\/wp-content\/uploads\/2023\/05\/Seguridad-Santiago.jpg 727w, https:\/\/hotelstanford.cl\/es\/wp-content\/uploads\/2023\/05\/Seguridad-Santiago-300x172.jpg 300w, https:\/\/hotelstanford.cl\/es\/wp-content\/uploads\/2023\/05\/Seguridad-Santiago-230x132.jpg 230w, https:\/\/hotelstanford.cl\/es\/wp-content\/uploads\/2023\/05\/Seguridad-Santiago-350x201.jpg 350w, https:\/\/hotelstanford.cl\/es\/wp-content\/uploads\/2023\/05\/Seguridad-Santiago-480x275.jpg 480w, https:\/\/hotelstanford.cl\/es\/wp-content\/uploads\/2023\/05\/Seguridad-Santiago-24x14.jpg 24w, https:\/\/hotelstanford.cl\/es\/wp-content\/uploads\/2023\/05\/Seguridad-Santiago-36x21.jpg 36w, https:\/\/hotelstanford.cl\/es\/wp-content\/uploads\/2023\/05\/Seguridad-Santiago-48x28.jpg 48w\" sizes=\"(max-width: 727px) 100vw, 727px\" \/><\/a>\t\t<\/div>\n\t\t\t\t\t\t\t\t<div class=\"wp-show-posts-entry-summary\" itemprop=\"text\">\n\t\t\t\t\t\t\t<p>Santiago de Chile es una ciudad vibrante y atractiva, pero como en cualquier gran ciudad, es importante tomar precauciones para garantizar una experiencia segura y agradable. Aqu\u00ed hay algunas medidas&#8230;<\/p>\n\t\t\t\t\t\t<\/div><!-- .entry-summary -->\n\t\t\t\t\t<\/div><!-- wp-show-posts-inner --><\/article><article class=\" wp-show-posts-single post-916 post type-post status-publish format-standard has-post-thumbnail hentry category-chile category-santiago category-travel category-viajes wpsp-col-6\" itemtype=\"http:\/\/schema.org\/CreativeWork\" itemscope><div class=\"wp-show-posts-inner\" style=\"\">\t\t\t\t\t\t<header class=\"wp-show-posts-entry-header\">\n\t\t\t\t\t\t\t<h2 class=\"wp-show-posts-entry-title\" itemprop=\"headline\"><a href=\"https:\/\/hotelstanford.cl\/es\/?p=916\" rel=\"bookmark\">Consejos para Usar Taxis Amarillos en Santiago<\/a><\/h2><div class=\"wp-show-posts-entry-meta wp-show-posts-entry-meta-below-title post-meta-inline\"><span class=\"wp-show-posts-posted-on wp-show-posts-meta\">\n\t\t\t\t\t<a href=\"https:\/\/hotelstanford.cl\/es\/?p=916\" title=\"6:38 pm\" rel=\"bookmark\"><time class=\"wp-show-posts-entry-date published\" datetime=\"2023-05-19T18:38:00-04:00\" itemprop=\"datePublished\">mayo 19, 2023<\/time><time class=\"wp-show-posts-updated\" datetime=\"2023-05-19T18:38:30-04:00\" itemprop=\"dateModified\">mayo 19, 2023<\/time><\/a>\n\t\t\t\t<\/span><\/div>\t\t\t\t\t\t<\/header><!-- .entry-header -->\n\t\t\t\t\t\t\t<div class=\"wp-show-posts-image  wpsp-image-center \">\n\t\t\t<a href=\"https:\/\/hotelstanford.cl\/es\/?p=916\"  title=\"Consejos para Usar Taxis Amarillos en Santiago\"><img loading=\"lazy\" decoding=\"async\" width=\"1280\" height=\"720\" src=\"https:\/\/hotelstanford.cl\/es\/wp-content\/uploads\/2023\/05\/taxis-en-santiago.jpg\" class=\"attachment-full size-full wp-post-image\" alt=\"\" itemprop=\"image\" srcset=\"https:\/\/hotelstanford.cl\/es\/wp-content\/uploads\/2023\/05\/taxis-en-santiago.jpg 1280w, https:\/\/hotelstanford.cl\/es\/wp-content\/uploads\/2023\/05\/taxis-en-santiago-300x169.jpg 300w, https:\/\/hotelstanford.cl\/es\/wp-content\/uploads\/2023\/05\/taxis-en-santiago-1024x576.jpg 1024w, https:\/\/hotelstanford.cl\/es\/wp-content\/uploads\/2023\/05\/taxis-en-santiago-768x432.jpg 768w, https:\/\/hotelstanford.cl\/es\/wp-content\/uploads\/2023\/05\/taxis-en-santiago-1000x563.jpg 1000w, https:\/\/hotelstanford.cl\/es\/wp-content\/uploads\/2023\/05\/taxis-en-santiago-230x129.jpg 230w, https:\/\/hotelstanford.cl\/es\/wp-content\/uploads\/2023\/05\/taxis-en-santiago-350x197.jpg 350w, https:\/\/hotelstanford.cl\/es\/wp-content\/uploads\/2023\/05\/taxis-en-santiago-480x270.jpg 480w, https:\/\/hotelstanford.cl\/es\/wp-content\/uploads\/2023\/05\/taxis-en-santiago-24x14.jpg 24w, https:\/\/hotelstanford.cl\/es\/wp-content\/uploads\/2023\/05\/taxis-en-santiago-36x20.jpg 36w, https:\/\/hotelstanford.cl\/es\/wp-content\/uploads\/2023\/05\/taxis-en-santiago-48x27.jpg 48w\" sizes=\"(max-width: 1280px) 100vw, 1280px\" \/><\/a>\t\t<\/div>\n\t\t\t\t\t\t\t\t<div class=\"wp-show-posts-entry-summary\" itemprop=\"text\">\n\t\t\t\t\t\t\t<p>Los taxis amarillos son un medio de transporte com\u00fan en Santiago de Chile y pueden ser una opci\u00f3n conveniente para moverse por la ciudad. Aqu\u00ed hay algunos consejos para utilizar&#8230;<\/p>\n\t\t\t\t\t\t<\/div><!-- .entry-summary -->\n\t\t\t\t\t<\/div><!-- wp-show-posts-inner --><\/article><div class=\"wpsp-clear\"><\/div><\/section><!-- .wp-show-posts -->\t\t\t\t\t\t<\/div>\n\t\t\t\t<\/div>\n\t\t\t\t\t<\/div>\n\t\t<\/div>\n\t\t\t\t\t<\/div>\n\t\t<\/section>\n\t\t\t\t<\/div>\n\t\t","protected":false},"excerpt":{"rendered":"","protected":false},"author":1,"featured_media":0,"parent":0,"menu_order":0,"comment_status":"closed","ping_status":"closed","template":"elementor_header_footer","meta":{"footnotes":""},"class_list":["post-957","page","type-page","status-publish","hentry"],"_links":{"self":[{"href":"https:\/\/hotelstanford.cl\/es\/index.php?rest_route=\/wp\/v2\/pages\/957","targetHints":{"allow":["GET"]}}],"collection":[{"href":"https:\/\/hotelstanford.cl\/es\/index.php?rest_route=\/wp\/v2\/pages"}],"about":[{"href":"https:\/\/hotelstanford.cl\/es\/index.php?rest_route=\/wp\/v2\/types\/page"}],"author":[{"embeddable":true,"href":"https:\/\/hotelstanford.cl\/es\/index.php?rest_route=\/wp\/v2\/users\/1"}],"replies":[{"embeddable":true,"href":"https:\/\/hotelstanford.cl\/es\/index.php?rest_route=%2Fwp%2Fv2%2Fcomments&post=957"}],"version-history":[{"count":4,"href":"https:\/\/hotelstanford.cl\/es\/index.php?rest_route=\/wp\/v2\/pages\/957\/revisions"}],"predecessor-version":[{"id":961,"href":"https:\/\/hotelstanford.cl\/es\/index.php?rest_route=\/wp\/v2\/pages\/957\/revisions\/961"}],"wp:attachment":[{"href":"https:\/\/hotelstanford.cl\/es\/index.php?rest_route=%2Fwp%2Fv2%2Fmedia&parent=957"}],"curies":[{"name":"wp","href":"https:\/\/api.w.org\/{rel}","templated":true}]}}